{"id":1457,"date":"2023-01-23T13:31:02","date_gmt":"2023-01-23T12:31:02","guid":{"rendered":"https:\/\/kudelic-bedenica.hr\/?page_id=1457"},"modified":"2023-01-25T17:07:45","modified_gmt":"2023-01-25T16:07:45","slug":"kobasice-2","status":"publish","type":"page","link":"https:\/\/kudelic-bedenica.hr\/en\/kobasice-2\/","title":{"rendered":"Sausages"},"content":{"rendered":"<div data-elementor-type=\"wp-page\" data-elementor-id=\"1457\" class=\"elementor elementor-1457\" data-elementor-post-type=\"page\">\n\t\t\t\t\t\t<section class=\"elementor-section elementor-top-section elementor-element elementor-element-448012c elementor-section-boxed elementor-section-height-default elementor-section-height-default elementor-invisible\" data-id=\"448012c\" data-element_type=\"section\" data-settings=\"{&quot;background_background&quot;:&quot;classic&quot;,&quot;shape_divider_bottom_negative&quot;:&quot;yes&quot;,&quot;shape_divider_bottom&quot;:&quot;triangle&quot;,&quot;animation&quot;:&quot;fadeInDown&quot;}\">\n\t\t\t\t\t\t\t<div class=\"elementor-background-overlay\"><\/div>\n\t\t\t\t\t\t<div class=\"elementor-shape elementor-shape-bottom\" aria-hidden=\"true\" data-negative=\"true\">\n\t\t\t<svg xmlns=\"http:\/\/www.w3.org\/2000\/svg\" viewbox=\"0 0 1000 100\" preserveaspectratio=\"none\">\n\t<path class=\"elementor-shape-fill\" d=\"M500.2,94.7L0,0v100h1000V0L500.2,94.7z\"\/>\n<\/svg>\t\t<\/div>\n\t\t\t\t\t<div class=\"elementor-container elementor-column-gap-default\">\n\t\t\t\t\t<div class=\"elementor-column elementor-col-100 elementor-top-column elementor-element elementor-element-ba7bf90\" data-id=\"ba7bf90\" data-element_type=\"column\" data-settings=\"{&quot;background_background&quot;:&quot;classic&quot;}\">\n\t\t\t<div class=\"elementor-widget-wrap elementor-element-populated\">\n\t\t\t\t\t\t<div class=\"elementor-element elementor-element-096abbe elementor-widget elementor-widget-heading\" data-id=\"096abbe\" data-element_type=\"widget\" data-widget_type=\"heading.default\">\n\t\t\t\t<div class=\"elementor-widget-container\">\n\t\t\t\t\t<h2 class=\"elementor-heading-title elementor-size-default\">Sausages<\/h2>\t\t\t\t<\/div>\n\t\t\t\t<\/div>\n\t\t\t\t<div class=\"elementor-element elementor-element-a340c22 elementor-widget__width-auto elementor-widget elementor-widget-jkit_button\" data-id=\"a340c22\" data-element_type=\"widget\" data-widget_type=\"jkit_button.default\">\n\t\t\t\t<div class=\"elementor-widget-container\">\n\t\t\t\t\t<div  class=\"jeg-elementor-kit jkit-button  icon-position-after jeg_module___69f1f5982c768\" ><a href=\"https:\/\/kudelic-bedenica.hr\/en\/\" class=\"jkit-button-wrapper\">Home<i aria-hidden=\"true\" class=\"fas fa-chevron-right\"><\/i><\/a><\/div>\t\t\t\t<\/div>\n\t\t\t\t<\/div>\n\t\t\t\t<div class=\"elementor-element elementor-element-a611be1 elementor-widget__width-auto elementor-widget elementor-widget-heading\" data-id=\"a611be1\" data-element_type=\"widget\" data-widget_type=\"heading.default\">\n\t\t\t\t<div class=\"elementor-widget-container\">\n\t\t\t\t\t<h2 class=\"elementor-heading-title elementor-size-default\">Sausages<\/h2>\t\t\t\t<\/div>\n\t\t\t\t<\/div>\n\t\t\t\t\t<\/div>\n\t\t<\/div>\n\t\t\t\t\t<\/div>\n\t\t<\/section>\n\t\t\t\t<section class=\"elementor-section elementor-top-section elementor-element elementor-element-1876bdd elementor-section-boxed elementor-section-height-default elementor-section-height-default\" data-id=\"1876bdd\" data-element_type=\"section\" data-settings=\"{&quot;background_background&quot;:&quot;classic&quot;}\">\n\t\t\t\t\t\t\t<div class=\"elementor-background-overlay\"><\/div>\n\t\t\t\t\t\t\t<div class=\"elementor-container elementor-column-gap-default\">\n\t\t\t\t\t<div class=\"elementor-column elementor-col-100 elementor-top-column elementor-element elementor-element-05b04c9 elementor-invisible\" data-id=\"05b04c9\" data-element_type=\"column\" data-settings=\"{&quot;animation&quot;:&quot;fadeInUp&quot;}\">\n\t\t\t<div class=\"elementor-widget-wrap elementor-element-populated\">\n\t\t\t\t\t\t<div class=\"elementor-element elementor-element-7837b2c elementor-widget elementor-widget-jkit_post_block\" data-id=\"7837b2c\" data-element_type=\"widget\" data-widget_type=\"jkit_post_block.default\">\n\t\t\t\t<div class=\"elementor-widget-container\">\n\t\t\t\t\t<div  class=\"jeg-elementor-kit jkit-postblock postblock-type-2 jkit-pagination-disable post-element jeg_module__1_69f1f59834173\"  data-id=\"jeg_module__1_69f1f59834173\" data-settings=\"{&quot;post_type&quot;:&quot;proizvod&quot;,&quot;number_post&quot;:{&quot;unit&quot;:&quot;px&quot;,&quot;size&quot;:50,&quot;sizes&quot;:[]},&quot;post_offset&quot;:0,&quot;unique_content&quot;:&quot;disable&quot;,&quot;include_post&quot;:&quot;&quot;,&quot;exclude_post&quot;:&quot;&quot;,&quot;include_category&quot;:&quot;&quot;,&quot;exclude_category&quot;:&quot;&quot;,&quot;include_author&quot;:&quot;&quot;,&quot;include_tag&quot;:&quot;&quot;,&quot;exclude_tag&quot;:&quot;&quot;,&quot;kategorije&quot;:&quot;13&quot;,&quot;sort_by&quot;:&quot;alphabet_asc&quot;,&quot;pagination_mode&quot;:&quot;disable&quot;,&quot;pagination_loadmore_text&quot;:&quot;Load More&quot;,&quot;pagination_loading_text&quot;:&quot;Loading...&quot;,&quot;pagination_number_post&quot;:{&quot;unit&quot;:&quot;px&quot;,&quot;size&quot;:3,&quot;sizes&quot;:[]},&quot;pagination_scroll_limit&quot;:0,&quot;pagination_icon&quot;:{&quot;value&quot;:&quot;&quot;,&quot;library&quot;:&quot;&quot;},&quot;pagination_icon_position&quot;:&quot;before&quot;,&quot;st_category_position&quot;:&quot;center&quot;,&quot;sg_content_postblock_type&quot;:&quot;type-2&quot;,&quot;sg_content_element_order&quot;:&quot;title,meta,excerpt,read&quot;,&quot;sg_content_breakpoint&quot;:&quot;tablet&quot;,&quot;sg_content_title_html_tag&quot;:&quot;h3&quot;,&quot;sg_content_category_enable&quot;:&quot;yes&quot;,&quot;sg_content_excerpt_enable&quot;:&quot;&quot;,&quot;sg_content_excerpt_length&quot;:{&quot;unit&quot;:&quot;px&quot;,&quot;size&quot;:20,&quot;sizes&quot;:[]},&quot;sg_content_excerpt_more&quot;:&quot;...&quot;,&quot;sg_content_readmore_enable&quot;:&quot;yes&quot;,&quot;sg_content_readmore_icon&quot;:{&quot;value&quot;:&quot;fas fa-chevron-circle-right&quot;,&quot;library&quot;:&quot;fa-solid&quot;},&quot;sg_content_readmore_icon_position&quot;:&quot;after&quot;,&quot;sg_content_readmore_text&quot;:&quot;&quot;,&quot;sg_content_comment_enable&quot;:&quot;&quot;,&quot;sg_content_comment_icon&quot;:{&quot;value&quot;:&quot;fas fa-comment&quot;,&quot;library&quot;:&quot;fa-solid&quot;},&quot;sg_content_comment_icon_position&quot;:&quot;before&quot;,&quot;sg_content_meta_enable&quot;:&quot;&quot;,&quot;sg_content_meta_author_enable&quot;:&quot;yes&quot;,&quot;sg_content_meta_author_by_text&quot;:&quot;by&quot;,&quot;sg_content_meta_author_icon&quot;:{&quot;value&quot;:&quot;fas fa-user&quot;,&quot;library&quot;:&quot;fa-solid&quot;},&quot;sg_content_meta_author_icon_position&quot;:&quot;before&quot;,&quot;sg_content_meta_date_enable&quot;:&quot;yes&quot;,&quot;sg_content_meta_date_type&quot;:&quot;published&quot;,&quot;sg_content_meta_date_format&quot;:&quot;default&quot;,&quot;sg_content_meta_date_format_custom&quot;:&quot;j. F Y.&quot;,&quot;sg_content_meta_date_icon&quot;:{&quot;value&quot;:&quot;fas fa-clock&quot;,&quot;library&quot;:&quot;fa-solid&quot;},&quot;sg_content_meta_date_icon_position&quot;:&quot;before&quot;,&quot;sg_content_image_size_imagesize_size&quot;:&quot;full&quot;,&quot;paged&quot;:1,&quot;class&quot;:&quot;jkit_post_block&quot;}\"><div class=\"jkit-block-container\"><div class=\"jkit-posts jkit-ajax-flag\">\n            <article class=\"jkit-post post-1105 proizvod type-proizvod status-publish has-post-thumbnail hentry kategorije-kobasice\">\n                    <div class=\"jkit-thumb\"><a aria-label=\"Doma\u0107a kobasica\" href=\"https:\/\/kudelic-bedenica.hr\/en\/proizvod\/domaca-kobasica\/\"><div class=\"thumbnail-container\">\n            <img loading=\"lazy\" decoding=\"async\" width=\"1024\" height=\"683\" src=\"data:image\/gif;base64,R0lGODlhAQABAAAAACH5BAEKAAEALAAAAAABAAEAAAICTAEAOw==\" class=\"attachment-full size-full wp-post-image lazyload\" alt=\"domaca za kuhanje3 novi logo 1024x683 1\" sizes=\"auto, (max-width: 1024px) 100vw, 1024px\" data-src=\"https:\/\/kudelic-bedenica.hr\/wp-content\/uploads\/2023\/02\/domaca-za-kuhanje3-novi-logo-1024x683-1.jpg\" data-srcset=\"https:\/\/kudelic-bedenica.hr\/wp-content\/uploads\/2023\/02\/domaca-za-kuhanje3-novi-logo-1024x683-1.jpg 1024w, https:\/\/kudelic-bedenica.hr\/wp-content\/uploads\/2023\/02\/domaca-za-kuhanje3-novi-logo-1024x683-1-300x200.jpg 300w, https:\/\/kudelic-bedenica.hr\/wp-content\/uploads\/2023\/02\/domaca-za-kuhanje3-novi-logo-1024x683-1-768x512.jpg 768w, https:\/\/kudelic-bedenica.hr\/wp-content\/uploads\/2023\/02\/domaca-za-kuhanje3-novi-logo-1024x683-1-18x12.jpg 18w\">\n        <\/div><\/a><\/div>\n                    <div class=\"jkit-postblock-content\"><h3 class=\"jkit-post-title\">\n\t\t\t\t\t\t\t<a href=\"https:\/\/kudelic-bedenica.hr\/en\/proizvod\/domaca-kobasica\/\">Doma\u0107a kobasica<\/a>\n\t\t\t\t\t\t<\/h3><div class=\"jkit-post-meta-bottom\">\n\t\t\t\t\t\t\t<div class=\"jkit-meta-readmore icon-position-after\">\n                <a title=\"Doma\u0107a kobasica\" href=\"https:\/\/kudelic-bedenica.hr\/en\/proizvod\/domaca-kobasica\/\" class=\"jkit-readmore\"><i aria-hidden=\"true\" class=\"fas fa-chevron-circle-right\"><\/i><\/a>\n            <\/div>\n\t\t\t\t\t\t<\/div><\/div>\n                <\/article><article class=\"jkit-post post-1077 proizvod type-proizvod status-publish has-post-thumbnail hentry kategorije-kobasice\">\n                    <div class=\"jkit-thumb\"><a aria-label=\"Hrenovka\" href=\"https:\/\/kudelic-bedenica.hr\/en\/proizvod\/hrenovka\/\"><div class=\"thumbnail-container\">\n            <img loading=\"lazy\" decoding=\"async\" width=\"2560\" height=\"1707\" src=\"data:image\/gif;base64,R0lGODlhAQABAAAAACH5BAEKAAEALAAAAAABAAEAAAICTAEAOw==\" class=\"attachment-full size-full wp-post-image lazyload\" alt=\"hrenovka1 scaled\" sizes=\"auto, (max-width: 2560px) 100vw, 2560px\" data-src=\"https:\/\/kudelic-bedenica.hr\/wp-content\/uploads\/2023\/01\/hrenovka1-scaled.jpg\" data-srcset=\"https:\/\/kudelic-bedenica.hr\/wp-content\/uploads\/2023\/01\/hrenovka1-scaled.jpg 2560w, https:\/\/kudelic-bedenica.hr\/wp-content\/uploads\/2023\/01\/hrenovka1-300x200.jpg 300w, https:\/\/kudelic-bedenica.hr\/wp-content\/uploads\/2023\/01\/hrenovka1-1024x683.jpg 1024w, https:\/\/kudelic-bedenica.hr\/wp-content\/uploads\/2023\/01\/hrenovka1-768x512.jpg 768w, https:\/\/kudelic-bedenica.hr\/wp-content\/uploads\/2023\/01\/hrenovka1-1536x1024.jpg 1536w, https:\/\/kudelic-bedenica.hr\/wp-content\/uploads\/2023\/01\/hrenovka1-2048x1365.jpg 2048w\">\n        <\/div><\/a><\/div>\n                    <div class=\"jkit-postblock-content\"><h3 class=\"jkit-post-title\">\n\t\t\t\t\t\t\t<a href=\"https:\/\/kudelic-bedenica.hr\/en\/proizvod\/hrenovka\/\">Hrenovka<\/a>\n\t\t\t\t\t\t<\/h3><div class=\"jkit-post-meta-bottom\">\n\t\t\t\t\t\t\t<div class=\"jkit-meta-readmore icon-position-after\">\n                <a title=\"Hrenovka\" href=\"https:\/\/kudelic-bedenica.hr\/en\/proizvod\/hrenovka\/\" class=\"jkit-readmore\"><i aria-hidden=\"true\" class=\"fas fa-chevron-circle-right\"><\/i><\/a>\n            <\/div>\n\t\t\t\t\t\t<\/div><\/div>\n                <\/article><article class=\"jkit-post post-993 proizvod type-proizvod status-publish has-post-thumbnail hentry kategorije-kobasice\">\n                    <div class=\"jkit-thumb\"><a aria-label=\"Kranjska kobasica\" href=\"https:\/\/kudelic-bedenica.hr\/en\/proizvod\/kranjska-kobasica\/\"><div class=\"thumbnail-container\">\n            <img loading=\"lazy\" decoding=\"async\" width=\"600\" height=\"400\" src=\"data:image\/gif;base64,R0lGODlhAQABAAAAACH5BAEKAAEALAAAAAABAAEAAAICTAEAOw==\" class=\"attachment-full size-full wp-post-image lazyload\" alt=\"kranjska kobasica\" sizes=\"auto, (max-width: 600px) 100vw, 600px\" data-src=\"https:\/\/kudelic-bedenica.hr\/wp-content\/uploads\/2015\/07\/kranjska-kobasica.jpg\" data-srcset=\"https:\/\/kudelic-bedenica.hr\/wp-content\/uploads\/2015\/07\/kranjska-kobasica.jpg 600w, https:\/\/kudelic-bedenica.hr\/wp-content\/uploads\/2015\/07\/kranjska-kobasica-300x200.jpg 300w\">\n        <\/div><\/a><\/div>\n                    <div class=\"jkit-postblock-content\"><h3 class=\"jkit-post-title\">\n\t\t\t\t\t\t\t<a href=\"https:\/\/kudelic-bedenica.hr\/en\/proizvod\/kranjska-kobasica\/\">Kranjska kobasica<\/a>\n\t\t\t\t\t\t<\/h3><div class=\"jkit-post-meta-bottom\">\n\t\t\t\t\t\t\t<div class=\"jkit-meta-readmore icon-position-after\">\n                <a title=\"Kranjska kobasica\" href=\"https:\/\/kudelic-bedenica.hr\/en\/proizvod\/kranjska-kobasica\/\" class=\"jkit-readmore\"><i aria-hidden=\"true\" class=\"fas fa-chevron-circle-right\"><\/i><\/a>\n            <\/div>\n\t\t\t\t\t\t<\/div><\/div>\n                <\/article><article class=\"jkit-post post-1404 proizvod type-proizvod status-publish has-post-thumbnail hentry kategorije-kobasice\">\n                    <div class=\"jkit-thumb\"><a aria-label=\"Pe\u010denice\" href=\"https:\/\/kudelic-bedenica.hr\/en\/proizvod\/pecenice\/\"><div class=\"thumbnail-container\">\n            <img loading=\"lazy\" decoding=\"async\" width=\"2560\" height=\"1707\" src=\"data:image\/gif;base64,R0lGODlhAQABAAAAACH5BAEKAAEALAAAAAABAAEAAAICTAEAOw==\" class=\"attachment-full size-full wp-post-image lazyload\" alt=\"pecenice 2 scaled\" sizes=\"auto, (max-width: 2560px) 100vw, 2560px\" data-src=\"https:\/\/kudelic-bedenica.hr\/wp-content\/uploads\/2023\/01\/pecenice-2-scaled.jpg\" data-srcset=\"https:\/\/kudelic-bedenica.hr\/wp-content\/uploads\/2023\/01\/pecenice-2-scaled.jpg 2560w, https:\/\/kudelic-bedenica.hr\/wp-content\/uploads\/2023\/01\/pecenice-2-300x200.jpg 300w, https:\/\/kudelic-bedenica.hr\/wp-content\/uploads\/2023\/01\/pecenice-2-1024x683.jpg 1024w, https:\/\/kudelic-bedenica.hr\/wp-content\/uploads\/2023\/01\/pecenice-2-768x512.jpg 768w, https:\/\/kudelic-bedenica.hr\/wp-content\/uploads\/2023\/01\/pecenice-2-1536x1024.jpg 1536w, https:\/\/kudelic-bedenica.hr\/wp-content\/uploads\/2023\/01\/pecenice-2-2048x1365.jpg 2048w\">\n        <\/div><\/a><\/div>\n                    <div class=\"jkit-postblock-content\"><h3 class=\"jkit-post-title\">\n\t\t\t\t\t\t\t<a href=\"https:\/\/kudelic-bedenica.hr\/en\/proizvod\/pecenice\/\">Pe\u010denice<\/a>\n\t\t\t\t\t\t<\/h3><div class=\"jkit-post-meta-bottom\">\n\t\t\t\t\t\t\t<div class=\"jkit-meta-readmore icon-position-after\">\n                <a title=\"Pe\u010denice\" href=\"https:\/\/kudelic-bedenica.hr\/en\/proizvod\/pecenice\/\" class=\"jkit-readmore\"><i aria-hidden=\"true\" class=\"fas fa-chevron-circle-right\"><\/i><\/a>\n            <\/div>\n\t\t\t\t\t\t<\/div><\/div>\n                <\/article><article class=\"jkit-post post-1102 proizvod type-proizvod status-publish has-post-thumbnail hentry kategorije-kobasice\">\n                    <div class=\"jkit-thumb\"><a aria-label=\"Pu\u010dka kobasica\" href=\"https:\/\/kudelic-bedenica.hr\/en\/proizvod\/pucka-kobasica\/\"><div class=\"thumbnail-container\">\n            <img loading=\"lazy\" decoding=\"async\" width=\"2297\" height=\"1427\" src=\"data:image\/gif;base64,R0lGODlhAQABAAAAACH5BAEKAAEALAAAAAABAAEAAAICTAEAOw==\" class=\"attachment-full size-full wp-post-image lazyload\" alt=\"Pucka 1 1 scaled e1674564460607\" sizes=\"auto, (max-width: 2297px) 100vw, 2297px\" data-src=\"https:\/\/kudelic-bedenica.hr\/wp-content\/uploads\/2023\/01\/Pucka_1-1-scaled-e1674564460607.jpg\" data-srcset=\"https:\/\/kudelic-bedenica.hr\/wp-content\/uploads\/2023\/01\/Pucka_1-1-scaled-e1674564460607.jpg 2297w, https:\/\/kudelic-bedenica.hr\/wp-content\/uploads\/2023\/01\/Pucka_1-1-scaled-e1674564460607-300x186.jpg 300w, https:\/\/kudelic-bedenica.hr\/wp-content\/uploads\/2023\/01\/Pucka_1-1-scaled-e1674564460607-1024x636.jpg 1024w, https:\/\/kudelic-bedenica.hr\/wp-content\/uploads\/2023\/01\/Pucka_1-1-scaled-e1674564460607-768x477.jpg 768w, https:\/\/kudelic-bedenica.hr\/wp-content\/uploads\/2023\/01\/Pucka_1-1-scaled-e1674564460607-1536x954.jpg 1536w, https:\/\/kudelic-bedenica.hr\/wp-content\/uploads\/2023\/01\/Pucka_1-1-scaled-e1674564460607-2048x1272.jpg 2048w\">\n        <\/div><\/a><\/div>\n                    <div class=\"jkit-postblock-content\"><h3 class=\"jkit-post-title\">\n\t\t\t\t\t\t\t<a href=\"https:\/\/kudelic-bedenica.hr\/en\/proizvod\/pucka-kobasica\/\">Pu\u010dka kobasica<\/a>\n\t\t\t\t\t\t<\/h3><div class=\"jkit-post-meta-bottom\">\n\t\t\t\t\t\t\t<div class=\"jkit-meta-readmore icon-position-after\">\n                <a title=\"Pu\u010dka kobasica\" href=\"https:\/\/kudelic-bedenica.hr\/en\/proizvod\/pucka-kobasica\/\" class=\"jkit-readmore\"><i aria-hidden=\"true\" class=\"fas fa-chevron-circle-right\"><\/i><\/a>\n            <\/div>\n\t\t\t\t\t\t<\/div><\/div>\n                <\/article><article class=\"jkit-post post-1081 proizvod type-proizvod status-publish has-post-thumbnail hentry kategorije-kobasice\">\n                    <div class=\"jkit-thumb\"><a aria-label=\"Ro\u0161tiljka\" href=\"https:\/\/kudelic-bedenica.hr\/en\/proizvod\/rostiljka\/\"><div class=\"thumbnail-container\">\n            <img loading=\"lazy\" decoding=\"async\" width=\"2560\" height=\"1707\" src=\"data:image\/gif;base64,R0lGODlhAQABAAAAACH5BAEKAAEALAAAAAABAAEAAAICTAEAOw==\" class=\"attachment-full size-full wp-post-image lazyload\" alt=\"rostiljka1 scaled\" sizes=\"auto, (max-width: 2560px) 100vw, 2560px\" data-src=\"https:\/\/kudelic-bedenica.hr\/wp-content\/uploads\/2023\/01\/rostiljka1-scaled.jpg\" data-srcset=\"https:\/\/kudelic-bedenica.hr\/wp-content\/uploads\/2023\/01\/rostiljka1-scaled.jpg 2560w, https:\/\/kudelic-bedenica.hr\/wp-content\/uploads\/2023\/01\/rostiljka1-300x200.jpg 300w, https:\/\/kudelic-bedenica.hr\/wp-content\/uploads\/2023\/01\/rostiljka1-1024x683.jpg 1024w, https:\/\/kudelic-bedenica.hr\/wp-content\/uploads\/2023\/01\/rostiljka1-768x512.jpg 768w, https:\/\/kudelic-bedenica.hr\/wp-content\/uploads\/2023\/01\/rostiljka1-1536x1024.jpg 1536w, https:\/\/kudelic-bedenica.hr\/wp-content\/uploads\/2023\/01\/rostiljka1-2048x1365.jpg 2048w\">\n        <\/div><\/a><\/div>\n                    <div class=\"jkit-postblock-content\"><h3 class=\"jkit-post-title\">\n\t\t\t\t\t\t\t<a href=\"https:\/\/kudelic-bedenica.hr\/en\/proizvod\/rostiljka\/\">Ro\u0161tiljka<\/a>\n\t\t\t\t\t\t<\/h3><div class=\"jkit-post-meta-bottom\">\n\t\t\t\t\t\t\t<div class=\"jkit-meta-readmore icon-position-after\">\n                <a title=\"Ro\u0161tiljka\" href=\"https:\/\/kudelic-bedenica.hr\/en\/proizvod\/rostiljka\/\" class=\"jkit-readmore\"><i aria-hidden=\"true\" class=\"fas fa-chevron-circle-right\"><\/i><\/a>\n            <\/div>\n\t\t\t\t\t\t<\/div><\/div>\n                <\/article><article class=\"jkit-post post-2409 proizvod type-proizvod status-publish has-post-thumbnail hentry kategorije-kobasice\">\n                    <div class=\"jkit-thumb\"><a aria-label=\"Ro\u0161tiljka sa sirom\" href=\"https:\/\/kudelic-bedenica.hr\/en\/proizvod\/rostiljka-sa-sirom\/\"><div class=\"thumbnail-container\">\n            <img loading=\"lazy\" decoding=\"async\" width=\"1200\" height=\"1600\" src=\"data:image\/gif;base64,R0lGODlhAQABAAAAACH5BAEKAAEALAAAAAABAAEAAAICTAEAOw==\" class=\"attachment-full size-full wp-post-image lazyload\" alt=\"rostiljka sa sirom2\" sizes=\"auto, (max-width: 1200px) 100vw, 1200px\" data-src=\"https:\/\/kudelic-bedenica.hr\/wp-content\/uploads\/2023\/02\/rostiljka-sa-sirom2.jpeg\" data-srcset=\"https:\/\/kudelic-bedenica.hr\/wp-content\/uploads\/2023\/02\/rostiljka-sa-sirom2.jpeg 1200w, https:\/\/kudelic-bedenica.hr\/wp-content\/uploads\/2023\/02\/rostiljka-sa-sirom2-225x300.jpeg 225w, https:\/\/kudelic-bedenica.hr\/wp-content\/uploads\/2023\/02\/rostiljka-sa-sirom2-768x1024.jpeg 768w, https:\/\/kudelic-bedenica.hr\/wp-content\/uploads\/2023\/02\/rostiljka-sa-sirom2-1152x1536.jpeg 1152w, https:\/\/kudelic-bedenica.hr\/wp-content\/uploads\/2023\/02\/rostiljka-sa-sirom2-9x12.jpeg 9w\">\n        <\/div><\/a><\/div>\n                    <div class=\"jkit-postblock-content\"><h3 class=\"jkit-post-title\">\n\t\t\t\t\t\t\t<a href=\"https:\/\/kudelic-bedenica.hr\/en\/proizvod\/rostiljka-sa-sirom\/\">Ro\u0161tiljka sa sirom<\/a>\n\t\t\t\t\t\t<\/h3><div class=\"jkit-post-meta-bottom\">\n\t\t\t\t\t\t\t<div class=\"jkit-meta-readmore icon-position-after\">\n                <a title=\"Ro\u0161tiljka sa sirom\" href=\"https:\/\/kudelic-bedenica.hr\/en\/proizvod\/rostiljka-sa-sirom\/\" class=\"jkit-readmore\"><i aria-hidden=\"true\" class=\"fas fa-chevron-circle-right\"><\/i><\/a>\n            <\/div>\n\t\t\t\t\t\t<\/div><\/div>\n                <\/article><article class=\"jkit-post post-2417 proizvod type-proizvod status-publish has-post-thumbnail hentry kategorije-kobasice\">\n                    <div class=\"jkit-thumb\"><a aria-label=\"Safalada\" href=\"https:\/\/kudelic-bedenica.hr\/en\/proizvod\/safalada\/\"><div class=\"thumbnail-container\">\n            <img loading=\"lazy\" decoding=\"async\" width=\"2560\" height=\"1707\" src=\"data:image\/gif;base64,R0lGODlhAQABAAAAACH5BAEKAAEALAAAAAABAAEAAAICTAEAOw==\" class=\"attachment-full size-full wp-post-image lazyload\" alt=\"safalada 2\" sizes=\"auto, (max-width: 2560px) 100vw, 2560px\" data-src=\"https:\/\/kudelic-bedenica.hr\/wp-content\/uploads\/2023\/02\/safalada-2-scaled.jpg\" data-srcset=\"https:\/\/kudelic-bedenica.hr\/wp-content\/uploads\/2023\/02\/safalada-2-scaled.jpg 2560w, https:\/\/kudelic-bedenica.hr\/wp-content\/uploads\/2023\/02\/safalada-2-300x200.jpg 300w, https:\/\/kudelic-bedenica.hr\/wp-content\/uploads\/2023\/02\/safalada-2-1024x683.jpg 1024w, https:\/\/kudelic-bedenica.hr\/wp-content\/uploads\/2023\/02\/safalada-2-768x512.jpg 768w, https:\/\/kudelic-bedenica.hr\/wp-content\/uploads\/2023\/02\/safalada-2-1536x1024.jpg 1536w, https:\/\/kudelic-bedenica.hr\/wp-content\/uploads\/2023\/02\/safalada-2-2048x1365.jpg 2048w, https:\/\/kudelic-bedenica.hr\/wp-content\/uploads\/2023\/02\/safalada-2-18x12.jpg 18w\">\n        <\/div><\/a><\/div>\n                    <div class=\"jkit-postblock-content\"><h3 class=\"jkit-post-title\">\n\t\t\t\t\t\t\t<a href=\"https:\/\/kudelic-bedenica.hr\/en\/proizvod\/safalada\/\">Safalada<\/a>\n\t\t\t\t\t\t<\/h3><div class=\"jkit-post-meta-bottom\">\n\t\t\t\t\t\t\t<div class=\"jkit-meta-readmore icon-position-after\">\n                <a title=\"Safalada\" href=\"https:\/\/kudelic-bedenica.hr\/en\/proizvod\/safalada\/\" class=\"jkit-readmore\"><i aria-hidden=\"true\" class=\"fas fa-chevron-circle-right\"><\/i><\/a>\n            <\/div>\n\t\t\t\t\t\t<\/div><\/div>\n                <\/article><article class=\"jkit-post post-1098 proizvod type-proizvod status-publish has-post-thumbnail hentry kategorije-kobasice\">\n                    <div class=\"jkit-thumb\"><a aria-label=\"Vikend kobasica\" href=\"https:\/\/kudelic-bedenica.hr\/en\/proizvod\/vikend-kobasica\/\"><div class=\"thumbnail-container\">\n            <img loading=\"lazy\" decoding=\"async\" width=\"2560\" height=\"1707\" src=\"data:image\/gif;base64,R0lGODlhAQABAAAAACH5BAEKAAEALAAAAAABAAEAAAICTAEAOw==\" class=\"attachment-full size-full wp-post-image lazyload\" alt=\"vikend1 scaled\" sizes=\"auto, (max-width: 2560px) 100vw, 2560px\" data-src=\"https:\/\/kudelic-bedenica.hr\/wp-content\/uploads\/2023\/01\/vikend1-scaled.jpg\" data-srcset=\"https:\/\/kudelic-bedenica.hr\/wp-content\/uploads\/2023\/01\/vikend1-scaled.jpg 2560w, https:\/\/kudelic-bedenica.hr\/wp-content\/uploads\/2023\/01\/vikend1-300x200.jpg 300w, https:\/\/kudelic-bedenica.hr\/wp-content\/uploads\/2023\/01\/vikend1-1024x683.jpg 1024w, https:\/\/kudelic-bedenica.hr\/wp-content\/uploads\/2023\/01\/vikend1-768x512.jpg 768w, https:\/\/kudelic-bedenica.hr\/wp-content\/uploads\/2023\/01\/vikend1-1536x1024.jpg 1536w, https:\/\/kudelic-bedenica.hr\/wp-content\/uploads\/2023\/01\/vikend1-2048x1365.jpg 2048w\">\n        <\/div><\/a><\/div>\n                    <div class=\"jkit-postblock-content\"><h3 class=\"jkit-post-title\">\n\t\t\t\t\t\t\t<a href=\"https:\/\/kudelic-bedenica.hr\/en\/proizvod\/vikend-kobasica\/\">Vikend kobasica<\/a>\n\t\t\t\t\t\t<\/h3><div class=\"jkit-post-meta-bottom\">\n\t\t\t\t\t\t\t<div class=\"jkit-meta-readmore icon-position-after\">\n                <a title=\"Vikend kobasica\" href=\"https:\/\/kudelic-bedenica.hr\/en\/proizvod\/vikend-kobasica\/\" class=\"jkit-readmore\"><i aria-hidden=\"true\" class=\"fas fa-chevron-circle-right\"><\/i><\/a>\n            <\/div>\n\t\t\t\t\t\t<\/div><\/div>\n                <\/article>\n        <\/div><\/div><\/div>\t\t\t\t<\/div>\n\t\t\t\t<\/div>\n\t\t\t\t\t<\/div>\n\t\t<\/div>\n\t\t\t\t\t<\/div>\n\t\t<\/section>\n\t\t\t\t<\/div>","protected":false},"excerpt":{"rendered":"<p>Kobasice Po\u010detna Kobasice edit post Doma\u0107a kobasica edit post Hrenovka edit post Kranjska kobasica edit post Pu\u010dka kobasica edit post Ro\u0161tiljka edit post Vikend kobasica<\/p>","protected":false},"author":12,"featured_media":0,"parent":0,"menu_order":0,"comment_status":"closed","ping_status":"closed","template":"elementor_header_footer","meta":{"_acf_changed":false,"om_disable_all_campaigns":false,"_mi_skip_tracking":false,"footnotes":""},"class_list":["post-1457","page","type-page","status-publish","hentry"],"acf":[],"_links":{"self":[{"href":"https:\/\/kudelic-bedenica.hr\/en\/wp-json\/wp\/v2\/pages\/1457","targetHints":{"allow":["GET"]}}],"collection":[{"href":"https:\/\/kudelic-bedenica.hr\/en\/wp-json\/wp\/v2\/pages"}],"about":[{"href":"https:\/\/kudelic-bedenica.hr\/en\/wp-json\/wp\/v2\/types\/page"}],"author":[{"embeddable":true,"href":"https:\/\/kudelic-bedenica.hr\/en\/wp-json\/wp\/v2\/users\/12"}],"replies":[{"embeddable":true,"href":"https:\/\/kudelic-bedenica.hr\/en\/wp-json\/wp\/v2\/comments?post=1457"}],"version-history":[{"count":0,"href":"https:\/\/kudelic-bedenica.hr\/en\/wp-json\/wp\/v2\/pages\/1457\/revisions"}],"wp:attachment":[{"href":"https:\/\/kudelic-bedenica.hr\/en\/wp-json\/wp\/v2\/media?parent=1457"}],"curies":[{"name":"wp","href":"https:\/\/api.w.org\/{rel}","templated":true}]}}