{"id":1469,"date":"2023-01-23T13:34:03","date_gmt":"2023-01-23T12:34:03","guid":{"rendered":"https:\/\/kudelic-bedenica.hr\/?page_id=1469"},"modified":"2023-02-20T12:52:35","modified_gmt":"2023-02-20T11:52:35","slug":"delikates","status":"publish","type":"page","link":"https:\/\/kudelic-bedenica.hr\/en\/delikates\/","title":{"rendered":"Delikatese"},"content":{"rendered":"<div data-elementor-type=\"wp-page\" data-elementor-id=\"1469\" class=\"elementor elementor-1469\" data-elementor-post-type=\"page\">\n\t\t\t\t\t\t<section class=\"elementor-section elementor-top-section elementor-element elementor-element-0c248a9 elementor-section-boxed elementor-section-height-default elementor-section-height-default elementor-invisible\" data-id=\"0c248a9\" data-element_type=\"section\" data-settings=\"{&quot;background_background&quot;:&quot;classic&quot;,&quot;shape_divider_bottom_negative&quot;:&quot;yes&quot;,&quot;shape_divider_bottom&quot;:&quot;triangle&quot;,&quot;animation&quot;:&quot;fadeInDown&quot;}\">\n\t\t\t\t\t\t\t<div class=\"elementor-background-overlay\"><\/div>\n\t\t\t\t\t\t<div class=\"elementor-shape elementor-shape-bottom\" aria-hidden=\"true\" data-negative=\"true\">\n\t\t\t<svg xmlns=\"http:\/\/www.w3.org\/2000\/svg\" viewbox=\"0 0 1000 100\" preserveaspectratio=\"none\">\n\t<path class=\"elementor-shape-fill\" d=\"M500.2,94.7L0,0v100h1000V0L500.2,94.7z\"\/>\n<\/svg>\t\t<\/div>\n\t\t\t\t\t<div class=\"elementor-container elementor-column-gap-default\">\n\t\t\t\t\t<div class=\"elementor-column elementor-col-100 elementor-top-column elementor-element elementor-element-52b6996\" data-id=\"52b6996\" data-element_type=\"column\" data-settings=\"{&quot;background_background&quot;:&quot;classic&quot;}\">\n\t\t\t<div class=\"elementor-widget-wrap elementor-element-populated\">\n\t\t\t\t\t\t<div class=\"elementor-element elementor-element-90c5af9 elementor-widget elementor-widget-heading\" data-id=\"90c5af9\" data-element_type=\"widget\" data-widget_type=\"heading.default\">\n\t\t\t\t<div class=\"elementor-widget-container\">\n\t\t\t\t\t<h2 class=\"elementor-heading-title elementor-size-default\">Delikatese<\/h2>\t\t\t\t<\/div>\n\t\t\t\t<\/div>\n\t\t\t\t<div class=\"elementor-element elementor-element-ff856e7 elementor-widget__width-auto elementor-widget elementor-widget-jkit_button\" data-id=\"ff856e7\" data-element_type=\"widget\" data-widget_type=\"jkit_button.default\">\n\t\t\t\t<div class=\"elementor-widget-container\">\n\t\t\t\t\t<div  class=\"jeg-elementor-kit jkit-button  icon-position-after jeg_module___69f1f55f237c9\" ><a href=\"https:\/\/kudelic-bedenica.hr\/en\/\" class=\"jkit-button-wrapper\">Home<i aria-hidden=\"true\" class=\"fas fa-chevron-right\"><\/i><\/a><\/div>\t\t\t\t<\/div>\n\t\t\t\t<\/div>\n\t\t\t\t<div class=\"elementor-element elementor-element-fe73af2 elementor-widget__width-auto elementor-widget elementor-widget-heading\" data-id=\"fe73af2\" data-element_type=\"widget\" data-widget_type=\"heading.default\">\n\t\t\t\t<div class=\"elementor-widget-container\">\n\t\t\t\t\t<h2 class=\"elementor-heading-title elementor-size-default\">Delikatese<\/h2>\t\t\t\t<\/div>\n\t\t\t\t<\/div>\n\t\t\t\t\t<\/div>\n\t\t<\/div>\n\t\t\t\t\t<\/div>\n\t\t<\/section>\n\t\t\t\t<section class=\"elementor-section elementor-top-section elementor-element elementor-element-635616d elementor-section-boxed elementor-section-height-default elementor-section-height-default elementor-invisible\" data-id=\"635616d\" data-element_type=\"section\" data-settings=\"{&quot;background_background&quot;:&quot;classic&quot;,&quot;animation&quot;:&quot;fadeInUp&quot;}\">\n\t\t\t\t\t\t\t<div class=\"elementor-background-overlay\"><\/div>\n\t\t\t\t\t\t\t<div class=\"elementor-container elementor-column-gap-default\">\n\t\t\t\t\t<div class=\"elementor-column elementor-col-100 elementor-top-column elementor-element elementor-element-d300428\" data-id=\"d300428\" data-element_type=\"column\">\n\t\t\t<div class=\"elementor-widget-wrap elementor-element-populated\">\n\t\t\t\t\t\t<div class=\"elementor-element elementor-element-9319b64 elementor-widget elementor-widget-jkit_post_block\" data-id=\"9319b64\" data-element_type=\"widget\" data-widget_type=\"jkit_post_block.default\">\n\t\t\t\t<div class=\"elementor-widget-container\">\n\t\t\t\t\t<div  class=\"jeg-elementor-kit jkit-postblock postblock-type-2 jkit-pagination-disable post-element jeg_module__1_69f1f55f2a955\"  data-id=\"jeg_module__1_69f1f55f2a955\" data-settings=\"{&quot;post_type&quot;:&quot;proizvod&quot;,&quot;number_post&quot;:{&quot;unit&quot;:&quot;px&quot;,&quot;size&quot;:50,&quot;sizes&quot;:[]},&quot;post_offset&quot;:0,&quot;unique_content&quot;:&quot;disable&quot;,&quot;include_post&quot;:&quot;&quot;,&quot;exclude_post&quot;:&quot;&quot;,&quot;include_category&quot;:&quot;&quot;,&quot;exclude_category&quot;:&quot;&quot;,&quot;include_author&quot;:&quot;&quot;,&quot;include_tag&quot;:&quot;&quot;,&quot;exclude_tag&quot;:&quot;&quot;,&quot;kategorije&quot;:&quot;18&quot;,&quot;sort_by&quot;:&quot;alphabet_asc&quot;,&quot;pagination_mode&quot;:&quot;disable&quot;,&quot;pagination_loadmore_text&quot;:&quot;Load More&quot;,&quot;pagination_loading_text&quot;:&quot;Loading...&quot;,&quot;pagination_number_post&quot;:{&quot;unit&quot;:&quot;px&quot;,&quot;size&quot;:3,&quot;sizes&quot;:[]},&quot;pagination_scroll_limit&quot;:0,&quot;pagination_icon&quot;:{&quot;value&quot;:&quot;&quot;,&quot;library&quot;:&quot;&quot;},&quot;pagination_icon_position&quot;:&quot;before&quot;,&quot;st_category_position&quot;:&quot;center&quot;,&quot;sg_content_postblock_type&quot;:&quot;type-2&quot;,&quot;sg_content_element_order&quot;:&quot;title,meta,excerpt,read&quot;,&quot;sg_content_breakpoint&quot;:&quot;tablet&quot;,&quot;sg_content_title_html_tag&quot;:&quot;h3&quot;,&quot;sg_content_category_enable&quot;:&quot;yes&quot;,&quot;sg_content_excerpt_enable&quot;:&quot;&quot;,&quot;sg_content_excerpt_length&quot;:{&quot;unit&quot;:&quot;px&quot;,&quot;size&quot;:20,&quot;sizes&quot;:[]},&quot;sg_content_excerpt_more&quot;:&quot;...&quot;,&quot;sg_content_readmore_enable&quot;:&quot;yes&quot;,&quot;sg_content_readmore_icon&quot;:{&quot;value&quot;:&quot;fas fa-chevron-circle-right&quot;,&quot;library&quot;:&quot;fa-solid&quot;},&quot;sg_content_readmore_icon_position&quot;:&quot;after&quot;,&quot;sg_content_readmore_text&quot;:&quot;&quot;,&quot;sg_content_comment_enable&quot;:&quot;&quot;,&quot;sg_content_comment_icon&quot;:{&quot;value&quot;:&quot;fas fa-comment&quot;,&quot;library&quot;:&quot;fa-solid&quot;},&quot;sg_content_comment_icon_position&quot;:&quot;before&quot;,&quot;sg_content_meta_enable&quot;:&quot;&quot;,&quot;sg_content_meta_author_enable&quot;:&quot;yes&quot;,&quot;sg_content_meta_author_by_text&quot;:&quot;by&quot;,&quot;sg_content_meta_author_icon&quot;:{&quot;value&quot;:&quot;fas fa-user&quot;,&quot;library&quot;:&quot;fa-solid&quot;},&quot;sg_content_meta_author_icon_position&quot;:&quot;before&quot;,&quot;sg_content_meta_date_enable&quot;:&quot;yes&quot;,&quot;sg_content_meta_date_type&quot;:&quot;published&quot;,&quot;sg_content_meta_date_format&quot;:&quot;default&quot;,&quot;sg_content_meta_date_format_custom&quot;:&quot;j. F Y.&quot;,&quot;sg_content_meta_date_icon&quot;:{&quot;value&quot;:&quot;fas fa-clock&quot;,&quot;library&quot;:&quot;fa-solid&quot;},&quot;sg_content_meta_date_icon_position&quot;:&quot;before&quot;,&quot;sg_content_image_size_imagesize_size&quot;:&quot;full&quot;,&quot;paged&quot;:1,&quot;class&quot;:&quot;jkit_post_block&quot;}\"><div class=\"jkit-block-container\"><div class=\"jkit-posts jkit-ajax-flag\">\n            <article class=\"jkit-post post-1416 proizvod type-proizvod status-publish has-post-thumbnail hentry kategorije-delikates\">\n                    <div class=\"jkit-thumb\"><a aria-label=\"Doma\u0107a krvavica\" href=\"https:\/\/kudelic-bedenica.hr\/en\/proizvod\/domaca-krvavica\/\"><div class=\"thumbnail-container\">\n            <img loading=\"lazy\" decoding=\"async\" width=\"2560\" height=\"1707\" src=\"data:image\/gif;base64,R0lGODlhAQABAAAAACH5BAEKAAEALAAAAAABAAEAAAICTAEAOw==\" class=\"attachment-full size-full wp-post-image lazyload\" alt=\"krvavice2 scaled\" sizes=\"auto, (max-width: 2560px) 100vw, 2560px\" data-src=\"https:\/\/kudelic-bedenica.hr\/wp-content\/uploads\/2023\/01\/krvavice2-scaled.jpg\" data-srcset=\"https:\/\/kudelic-bedenica.hr\/wp-content\/uploads\/2023\/01\/krvavice2-scaled.jpg 2560w, https:\/\/kudelic-bedenica.hr\/wp-content\/uploads\/2023\/01\/krvavice2-300x200.jpg 300w, https:\/\/kudelic-bedenica.hr\/wp-content\/uploads\/2023\/01\/krvavice2-1024x683.jpg 1024w, https:\/\/kudelic-bedenica.hr\/wp-content\/uploads\/2023\/01\/krvavice2-768x512.jpg 768w, https:\/\/kudelic-bedenica.hr\/wp-content\/uploads\/2023\/01\/krvavice2-1536x1024.jpg 1536w, https:\/\/kudelic-bedenica.hr\/wp-content\/uploads\/2023\/01\/krvavice2-2048x1365.jpg 2048w\">\n        <\/div><\/a><\/div>\n                    <div class=\"jkit-postblock-content\"><h3 class=\"jkit-post-title\">\n\t\t\t\t\t\t\t<a href=\"https:\/\/kudelic-bedenica.hr\/en\/proizvod\/domaca-krvavica\/\">Doma\u0107a krvavica<\/a>\n\t\t\t\t\t\t<\/h3><div class=\"jkit-post-meta-bottom\">\n\t\t\t\t\t\t\t<div class=\"jkit-meta-readmore icon-position-after\">\n                <a title=\"Doma\u0107a krvavica\" href=\"https:\/\/kudelic-bedenica.hr\/en\/proizvod\/domaca-krvavica\/\" class=\"jkit-readmore\"><i aria-hidden=\"true\" class=\"fas fa-chevron-circle-right\"><\/i><\/a>\n            <\/div>\n\t\t\t\t\t\t<\/div><\/div>\n                <\/article><article class=\"jkit-post post-1385 proizvod type-proizvod status-publish has-post-thumbnail hentry kategorije-delikates\">\n                    <div class=\"jkit-thumb\"><a aria-label=\"Doma\u0107a svinjska mast\" href=\"https:\/\/kudelic-bedenica.hr\/en\/proizvod\/domaca-svinjska-mast\/\"><div class=\"thumbnail-container\">\n            <img loading=\"lazy\" decoding=\"async\" width=\"624\" height=\"425\" src=\"data:image\/gif;base64,R0lGODlhAQABAAAAACH5BAEKAAEALAAAAAABAAEAAAICTAEAOw==\" class=\"attachment-full size-full wp-post-image lazyload\" alt=\"mastp5\" sizes=\"auto, (max-width: 624px) 100vw, 624px\" data-src=\"https:\/\/kudelic-bedenica.hr\/wp-content\/uploads\/2015\/07\/mastp5.jpg\" data-srcset=\"https:\/\/kudelic-bedenica.hr\/wp-content\/uploads\/2015\/07\/mastp5.jpg 624w, https:\/\/kudelic-bedenica.hr\/wp-content\/uploads\/2015\/07\/mastp5-300x204.jpg 300w\">\n        <\/div><\/a><\/div>\n                    <div class=\"jkit-postblock-content\"><h3 class=\"jkit-post-title\">\n\t\t\t\t\t\t\t<a href=\"https:\/\/kudelic-bedenica.hr\/en\/proizvod\/domaca-svinjska-mast\/\">Doma\u0107a svinjska mast<\/a>\n\t\t\t\t\t\t<\/h3><div class=\"jkit-post-meta-bottom\">\n\t\t\t\t\t\t\t<div class=\"jkit-meta-readmore icon-position-after\">\n                <a title=\"Doma\u0107a svinjska mast\" href=\"https:\/\/kudelic-bedenica.hr\/en\/proizvod\/domaca-svinjska-mast\/\" class=\"jkit-readmore\"><i aria-hidden=\"true\" class=\"fas fa-chevron-circle-right\"><\/i><\/a>\n            <\/div>\n\t\t\t\t\t\t<\/div><\/div>\n                <\/article><article class=\"jkit-post post-1411 proizvod type-proizvod status-publish has-post-thumbnail hentry kategorije-delikates\">\n                    <div class=\"jkit-thumb\"><a aria-label=\"Doma\u0107i \u010dvarci\" href=\"https:\/\/kudelic-bedenica.hr\/en\/proizvod\/domaci-cvarci\/\"><div class=\"thumbnail-container\">\n            <img loading=\"lazy\" decoding=\"async\" width=\"2560\" height=\"1707\" src=\"data:image\/gif;base64,R0lGODlhAQABAAAAACH5BAEKAAEALAAAAAABAAEAAAICTAEAOw==\" class=\"attachment-full size-full wp-post-image lazyload\" alt=\"cvarci 2 scaled\" sizes=\"auto, (max-width: 2560px) 100vw, 2560px\" data-src=\"https:\/\/kudelic-bedenica.hr\/wp-content\/uploads\/2023\/01\/cvarci-2-scaled.jpg\" data-srcset=\"https:\/\/kudelic-bedenica.hr\/wp-content\/uploads\/2023\/01\/cvarci-2-scaled.jpg 2560w, https:\/\/kudelic-bedenica.hr\/wp-content\/uploads\/2023\/01\/cvarci-2-300x200.jpg 300w, https:\/\/kudelic-bedenica.hr\/wp-content\/uploads\/2023\/01\/cvarci-2-1024x683.jpg 1024w, https:\/\/kudelic-bedenica.hr\/wp-content\/uploads\/2023\/01\/cvarci-2-768x512.jpg 768w, https:\/\/kudelic-bedenica.hr\/wp-content\/uploads\/2023\/01\/cvarci-2-1536x1024.jpg 1536w, https:\/\/kudelic-bedenica.hr\/wp-content\/uploads\/2023\/01\/cvarci-2-2048x1365.jpg 2048w\">\n        <\/div><\/a><\/div>\n                    <div class=\"jkit-postblock-content\"><h3 class=\"jkit-post-title\">\n\t\t\t\t\t\t\t<a href=\"https:\/\/kudelic-bedenica.hr\/en\/proizvod\/domaci-cvarci\/\">Doma\u0107i \u010dvarci<\/a>\n\t\t\t\t\t\t<\/h3><div class=\"jkit-post-meta-bottom\">\n\t\t\t\t\t\t\t<div class=\"jkit-meta-readmore icon-position-after\">\n                <a title=\"Doma\u0107i \u010dvarci\" href=\"https:\/\/kudelic-bedenica.hr\/en\/proizvod\/domaci-cvarci\/\" class=\"jkit-readmore\"><i aria-hidden=\"true\" class=\"fas fa-chevron-circle-right\"><\/i><\/a>\n            <\/div>\n\t\t\t\t\t\t<\/div><\/div>\n                <\/article><article class=\"jkit-post post-1410 proizvod type-proizvod status-publish has-post-thumbnail hentry kategorije-delikates\">\n                    <div class=\"jkit-thumb\"><a aria-label=\"Namaz od \u010dvaraka\" href=\"https:\/\/kudelic-bedenica.hr\/en\/proizvod\/namaz-od-cvaraka-150g\/\"><div class=\"thumbnail-container\">\n            <img loading=\"lazy\" decoding=\"async\" width=\"2560\" height=\"1707\" src=\"data:image\/gif;base64,R0lGODlhAQABAAAAACH5BAEKAAEALAAAAAABAAEAAAICTAEAOw==\" class=\"attachment-full size-full wp-post-image lazyload\" alt=\"namaz od cvaraka2 scaled\" sizes=\"auto, (max-width: 2560px) 100vw, 2560px\" data-src=\"https:\/\/kudelic-bedenica.hr\/wp-content\/uploads\/2023\/01\/namaz-od-cvaraka2-scaled.jpg\" data-srcset=\"https:\/\/kudelic-bedenica.hr\/wp-content\/uploads\/2023\/01\/namaz-od-cvaraka2-scaled.jpg 2560w, https:\/\/kudelic-bedenica.hr\/wp-content\/uploads\/2023\/01\/namaz-od-cvaraka2-300x200.jpg 300w, https:\/\/kudelic-bedenica.hr\/wp-content\/uploads\/2023\/01\/namaz-od-cvaraka2-1024x683.jpg 1024w, https:\/\/kudelic-bedenica.hr\/wp-content\/uploads\/2023\/01\/namaz-od-cvaraka2-768x512.jpg 768w, https:\/\/kudelic-bedenica.hr\/wp-content\/uploads\/2023\/01\/namaz-od-cvaraka2-1536x1024.jpg 1536w, https:\/\/kudelic-bedenica.hr\/wp-content\/uploads\/2023\/01\/namaz-od-cvaraka2-2048x1365.jpg 2048w\">\n        <\/div><\/a><\/div>\n                    <div class=\"jkit-postblock-content\"><h3 class=\"jkit-post-title\">\n\t\t\t\t\t\t\t<a href=\"https:\/\/kudelic-bedenica.hr\/en\/proizvod\/namaz-od-cvaraka-150g\/\">Namaz od \u010dvaraka<\/a>\n\t\t\t\t\t\t<\/h3><div class=\"jkit-post-meta-bottom\">\n\t\t\t\t\t\t\t<div class=\"jkit-meta-readmore icon-position-after\">\n                <a title=\"Namaz od \u010dvaraka\" href=\"https:\/\/kudelic-bedenica.hr\/en\/proizvod\/namaz-od-cvaraka-150g\/\" class=\"jkit-readmore\"><i aria-hidden=\"true\" class=\"fas fa-chevron-circle-right\"><\/i><\/a>\n            <\/div>\n\t\t\t\t\t\t<\/div><\/div>\n                <\/article><article class=\"jkit-post post-1378 proizvod type-proizvod status-publish has-post-thumbnail hentry kategorije-delikates\">\n                    <div class=\"jkit-thumb\"><a aria-label=\"Namaz od kosane masti\" href=\"https:\/\/kudelic-bedenica.hr\/en\/proizvod\/namaz-od-kosane-masti-180g\/\"><div class=\"thumbnail-container\">\n            <img loading=\"lazy\" decoding=\"async\" width=\"2560\" height=\"1707\" src=\"data:image\/gif;base64,R0lGODlhAQABAAAAACH5BAEKAAEALAAAAAABAAEAAAICTAEAOw==\" class=\"attachment-full size-full wp-post-image lazyload\" alt=\"namaz od kosane masti2 scaled\" sizes=\"auto, (max-width: 2560px) 100vw, 2560px\" data-src=\"https:\/\/kudelic-bedenica.hr\/wp-content\/uploads\/2023\/01\/namaz-od-kosane-masti2-scaled.jpg\" data-srcset=\"https:\/\/kudelic-bedenica.hr\/wp-content\/uploads\/2023\/01\/namaz-od-kosane-masti2-scaled.jpg 2560w, https:\/\/kudelic-bedenica.hr\/wp-content\/uploads\/2023\/01\/namaz-od-kosane-masti2-300x200.jpg 300w, https:\/\/kudelic-bedenica.hr\/wp-content\/uploads\/2023\/01\/namaz-od-kosane-masti2-1024x683.jpg 1024w, https:\/\/kudelic-bedenica.hr\/wp-content\/uploads\/2023\/01\/namaz-od-kosane-masti2-768x512.jpg 768w, https:\/\/kudelic-bedenica.hr\/wp-content\/uploads\/2023\/01\/namaz-od-kosane-masti2-1536x1024.jpg 1536w, https:\/\/kudelic-bedenica.hr\/wp-content\/uploads\/2023\/01\/namaz-od-kosane-masti2-2048x1365.jpg 2048w\">\n        <\/div><\/a><\/div>\n                    <div class=\"jkit-postblock-content\"><h3 class=\"jkit-post-title\">\n\t\t\t\t\t\t\t<a href=\"https:\/\/kudelic-bedenica.hr\/en\/proizvod\/namaz-od-kosane-masti-180g\/\">Namaz od kosane masti<\/a>\n\t\t\t\t\t\t<\/h3><div class=\"jkit-post-meta-bottom\">\n\t\t\t\t\t\t\t<div class=\"jkit-meta-readmore icon-position-after\">\n                <a title=\"Namaz od kosane masti\" href=\"https:\/\/kudelic-bedenica.hr\/en\/proizvod\/namaz-od-kosane-masti-180g\/\" class=\"jkit-readmore\"><i aria-hidden=\"true\" class=\"fas fa-chevron-circle-right\"><\/i><\/a>\n            <\/div>\n\t\t\t\t\t\t<\/div><\/div>\n                <\/article><article class=\"jkit-post post-1382 proizvod type-proizvod status-publish has-post-thumbnail hentry kategorije-delikates\">\n                    <div class=\"jkit-thumb\"><a aria-label=\"Tla\u010denica\" href=\"https:\/\/kudelic-bedenica.hr\/en\/proizvod\/tlacenica\/\"><div class=\"thumbnail-container\">\n            <img loading=\"lazy\" decoding=\"async\" width=\"2560\" height=\"1707\" src=\"data:image\/gif;base64,R0lGODlhAQABAAAAACH5BAEKAAEALAAAAAABAAEAAAICTAEAOw==\" class=\"attachment-full size-full wp-post-image lazyload\" alt=\"tlacenica2 scaled\" sizes=\"auto, (max-width: 2560px) 100vw, 2560px\" data-src=\"https:\/\/kudelic-bedenica.hr\/wp-content\/uploads\/2023\/01\/tlacenica2-scaled.jpg\" data-srcset=\"https:\/\/kudelic-bedenica.hr\/wp-content\/uploads\/2023\/01\/tlacenica2-scaled.jpg 2560w, https:\/\/kudelic-bedenica.hr\/wp-content\/uploads\/2023\/01\/tlacenica2-300x200.jpg 300w, https:\/\/kudelic-bedenica.hr\/wp-content\/uploads\/2023\/01\/tlacenica2-1024x683.jpg 1024w, https:\/\/kudelic-bedenica.hr\/wp-content\/uploads\/2023\/01\/tlacenica2-768x512.jpg 768w, https:\/\/kudelic-bedenica.hr\/wp-content\/uploads\/2023\/01\/tlacenica2-1536x1024.jpg 1536w, https:\/\/kudelic-bedenica.hr\/wp-content\/uploads\/2023\/01\/tlacenica2-2048x1365.jpg 2048w\">\n        <\/div><\/a><\/div>\n                    <div class=\"jkit-postblock-content\"><h3 class=\"jkit-post-title\">\n\t\t\t\t\t\t\t<a href=\"https:\/\/kudelic-bedenica.hr\/en\/proizvod\/tlacenica\/\">Tla\u010denica<\/a>\n\t\t\t\t\t\t<\/h3><div class=\"jkit-post-meta-bottom\">\n\t\t\t\t\t\t\t<div class=\"jkit-meta-readmore icon-position-after\">\n                <a title=\"Tla\u010denica\" href=\"https:\/\/kudelic-bedenica.hr\/en\/proizvod\/tlacenica\/\" class=\"jkit-readmore\"><i aria-hidden=\"true\" class=\"fas fa-chevron-circle-right\"><\/i><\/a>\n            <\/div>\n\t\t\t\t\t\t<\/div><\/div>\n                <\/article>\n        <\/div><\/div><\/div>\t\t\t\t<\/div>\n\t\t\t\t<\/div>\n\t\t\t\t\t<\/div>\n\t\t<\/div>\n\t\t\t\t\t<\/div>\n\t\t<\/section>\n\t\t\t\t<\/div>","protected":false},"excerpt":{"rendered":"<p>Delikatese Po\u010detna Delikatese edit post Doma\u0107a krvavica edit post Doma\u0107a svinjska mast edit post Doma\u0107i \u010dvarci edit post Namaz od \u010dvaraka edit post Namaz od kosane masti edit post Tla\u010denica<\/p>","protected":false},"author":12,"featured_media":0,"parent":0,"menu_order":0,"comment_status":"closed","ping_status":"closed","template":"elementor_header_footer","meta":{"_acf_changed":false,"om_disable_all_campaigns":false,"_mi_skip_tracking":false,"footnotes":""},"class_list":["post-1469","page","type-page","status-publish","hentry"],"acf":[],"_links":{"self":[{"href":"https:\/\/kudelic-bedenica.hr\/en\/wp-json\/wp\/v2\/pages\/1469","targetHints":{"allow":["GET"]}}],"collection":[{"href":"https:\/\/kudelic-bedenica.hr\/en\/wp-json\/wp\/v2\/pages"}],"about":[{"href":"https:\/\/kudelic-bedenica.hr\/en\/wp-json\/wp\/v2\/types\/page"}],"author":[{"embeddable":true,"href":"https:\/\/kudelic-bedenica.hr\/en\/wp-json\/wp\/v2\/users\/12"}],"replies":[{"embeddable":true,"href":"https:\/\/kudelic-bedenica.hr\/en\/wp-json\/wp\/v2\/comments?post=1469"}],"version-history":[{"count":0,"href":"https:\/\/kudelic-bedenica.hr\/en\/wp-json\/wp\/v2\/pages\/1469\/revisions"}],"wp:attachment":[{"href":"https:\/\/kudelic-bedenica.hr\/en\/wp-json\/wp\/v2\/media?parent=1469"}],"curies":[{"name":"wp","href":"https:\/\/api.w.org\/{rel}","templated":true}]}}