{"id":2439,"date":"2023-02-17T14:17:07","date_gmt":"2023-02-17T13:17:07","guid":{"rendered":"https:\/\/kudelic-bedenica.hr\/?page_id=2439"},"modified":"2023-02-17T14:23:28","modified_gmt":"2023-02-17T13:23:28","slug":"mesni-pripravci","status":"publish","type":"page","link":"https:\/\/kudelic-bedenica.hr\/en\/mesni-pripravci\/","title":{"rendered":"Meat preparations"},"content":{"rendered":"<div data-elementor-type=\"wp-page\" data-elementor-id=\"2439\" class=\"elementor elementor-2439\" data-elementor-post-type=\"page\">\n\t\t\t\t\t\t<section class=\"elementor-section elementor-top-section elementor-element elementor-element-4a60d5d elementor-section-boxed elementor-section-height-default elementor-section-height-default elementor-invisible\" data-id=\"4a60d5d\" data-element_type=\"section\" data-settings=\"{&quot;background_background&quot;:&quot;classic&quot;,&quot;shape_divider_bottom_negative&quot;:&quot;yes&quot;,&quot;shape_divider_bottom&quot;:&quot;triangle&quot;,&quot;animation&quot;:&quot;fadeInDown&quot;}\">\n\t\t\t\t\t\t\t<div class=\"elementor-background-overlay\"><\/div>\n\t\t\t\t\t\t<div class=\"elementor-shape elementor-shape-bottom\" aria-hidden=\"true\" data-negative=\"true\">\n\t\t\t<svg xmlns=\"http:\/\/www.w3.org\/2000\/svg\" viewbox=\"0 0 1000 100\" preserveaspectratio=\"none\">\n\t<path class=\"elementor-shape-fill\" d=\"M500.2,94.7L0,0v100h1000V0L500.2,94.7z\"\/>\n<\/svg>\t\t<\/div>\n\t\t\t\t\t<div class=\"elementor-container elementor-column-gap-default\">\n\t\t\t\t\t<div class=\"elementor-column elementor-col-100 elementor-top-column elementor-element elementor-element-c3fe6b7\" data-id=\"c3fe6b7\" data-element_type=\"column\" data-settings=\"{&quot;background_background&quot;:&quot;classic&quot;}\">\n\t\t\t<div class=\"elementor-widget-wrap elementor-element-populated\">\n\t\t\t\t\t\t<div class=\"elementor-element elementor-element-2e84e34 elementor-widget elementor-widget-heading\" data-id=\"2e84e34\" data-element_type=\"widget\" data-widget_type=\"heading.default\">\n\t\t\t\t<div class=\"elementor-widget-container\">\n\t\t\t\t\t<h2 class=\"elementor-heading-title elementor-size-default\">Meat preparations<\/h2>\t\t\t\t<\/div>\n\t\t\t\t<\/div>\n\t\t\t\t<div class=\"elementor-element elementor-element-214ea59 elementor-widget__width-auto elementor-widget elementor-widget-jkit_button\" data-id=\"214ea59\" data-element_type=\"widget\" data-widget_type=\"jkit_button.default\">\n\t\t\t\t<div class=\"elementor-widget-container\">\n\t\t\t\t\t<div  class=\"jeg-elementor-kit jkit-button  icon-position-after jeg_module___69fdeb55c79a0\" ><a href=\"https:\/\/kudelic-bedenica.hr\/en\/\" class=\"jkit-button-wrapper\">Home<i aria-hidden=\"true\" class=\"fas fa-chevron-right\"><\/i><\/a><\/div>\t\t\t\t<\/div>\n\t\t\t\t<\/div>\n\t\t\t\t<div class=\"elementor-element elementor-element-aa42194 elementor-widget__width-auto elementor-widget elementor-widget-heading\" data-id=\"aa42194\" data-element_type=\"widget\" data-widget_type=\"heading.default\">\n\t\t\t\t<div class=\"elementor-widget-container\">\n\t\t\t\t\t<h2 class=\"elementor-heading-title elementor-size-default\">Meat preparations<\/h2>\t\t\t\t<\/div>\n\t\t\t\t<\/div>\n\t\t\t\t\t<\/div>\n\t\t<\/div>\n\t\t\t\t\t<\/div>\n\t\t<\/section>\n\t\t\t\t<section class=\"elementor-section elementor-top-section elementor-element elementor-element-a4705fd elementor-section-boxed elementor-section-height-default elementor-section-height-default elementor-invisible\" data-id=\"a4705fd\" data-element_type=\"section\" data-settings=\"{&quot;background_background&quot;:&quot;classic&quot;,&quot;animation&quot;:&quot;fadeInUp&quot;}\">\n\t\t\t\t\t\t\t<div class=\"elementor-background-overlay\"><\/div>\n\t\t\t\t\t\t\t<div class=\"elementor-container elementor-column-gap-default\">\n\t\t\t\t\t<div class=\"elementor-column elementor-col-100 elementor-top-column elementor-element elementor-element-b94413f\" data-id=\"b94413f\" data-element_type=\"column\">\n\t\t\t<div class=\"elementor-widget-wrap elementor-element-populated\">\n\t\t\t\t\t\t<div class=\"elementor-element elementor-element-fe7da9c elementor-widget elementor-widget-jkit_post_block\" data-id=\"fe7da9c\" data-element_type=\"widget\" data-widget_type=\"jkit_post_block.default\">\n\t\t\t\t<div class=\"elementor-widget-container\">\n\t\t\t\t\t<div  class=\"jeg-elementor-kit jkit-postblock postblock-type-2 jkit-pagination-disable post-element jeg_module__1_69fdeb55cfa4c\"  data-id=\"jeg_module__1_69fdeb55cfa4c\" data-settings=\"{&quot;post_type&quot;:&quot;proizvod&quot;,&quot;number_post&quot;:{&quot;unit&quot;:&quot;px&quot;,&quot;size&quot;:50,&quot;sizes&quot;:[]},&quot;post_offset&quot;:0,&quot;unique_content&quot;:&quot;disable&quot;,&quot;include_post&quot;:&quot;&quot;,&quot;exclude_post&quot;:&quot;&quot;,&quot;include_category&quot;:&quot;&quot;,&quot;exclude_category&quot;:&quot;&quot;,&quot;include_author&quot;:&quot;&quot;,&quot;include_tag&quot;:&quot;&quot;,&quot;exclude_tag&quot;:&quot;&quot;,&quot;kategorije&quot;:&quot;30&quot;,&quot;sort_by&quot;:&quot;alphabet_asc&quot;,&quot;pagination_mode&quot;:&quot;disable&quot;,&quot;pagination_loadmore_text&quot;:&quot;Load More&quot;,&quot;pagination_loading_text&quot;:&quot;Loading...&quot;,&quot;pagination_number_post&quot;:{&quot;unit&quot;:&quot;px&quot;,&quot;size&quot;:3,&quot;sizes&quot;:[]},&quot;pagination_scroll_limit&quot;:0,&quot;pagination_icon&quot;:{&quot;value&quot;:&quot;&quot;,&quot;library&quot;:&quot;&quot;},&quot;pagination_icon_position&quot;:&quot;before&quot;,&quot;st_category_position&quot;:&quot;center&quot;,&quot;sg_content_postblock_type&quot;:&quot;type-2&quot;,&quot;sg_content_element_order&quot;:&quot;title,meta,excerpt,read&quot;,&quot;sg_content_breakpoint&quot;:&quot;tablet&quot;,&quot;sg_content_title_html_tag&quot;:&quot;h3&quot;,&quot;sg_content_category_enable&quot;:&quot;yes&quot;,&quot;sg_content_excerpt_enable&quot;:&quot;&quot;,&quot;sg_content_excerpt_length&quot;:{&quot;unit&quot;:&quot;px&quot;,&quot;size&quot;:20,&quot;sizes&quot;:[]},&quot;sg_content_excerpt_more&quot;:&quot;...&quot;,&quot;sg_content_readmore_enable&quot;:&quot;yes&quot;,&quot;sg_content_readmore_icon&quot;:{&quot;value&quot;:&quot;fas fa-chevron-circle-right&quot;,&quot;library&quot;:&quot;fa-solid&quot;},&quot;sg_content_readmore_icon_position&quot;:&quot;after&quot;,&quot;sg_content_readmore_text&quot;:&quot;&quot;,&quot;sg_content_comment_enable&quot;:&quot;&quot;,&quot;sg_content_comment_icon&quot;:{&quot;value&quot;:&quot;fas fa-comment&quot;,&quot;library&quot;:&quot;fa-solid&quot;},&quot;sg_content_comment_icon_position&quot;:&quot;before&quot;,&quot;sg_content_meta_enable&quot;:&quot;&quot;,&quot;sg_content_meta_author_enable&quot;:&quot;yes&quot;,&quot;sg_content_meta_author_by_text&quot;:&quot;by&quot;,&quot;sg_content_meta_author_icon&quot;:{&quot;value&quot;:&quot;fas fa-user&quot;,&quot;library&quot;:&quot;fa-solid&quot;},&quot;sg_content_meta_author_icon_position&quot;:&quot;before&quot;,&quot;sg_content_meta_date_enable&quot;:&quot;yes&quot;,&quot;sg_content_meta_date_type&quot;:&quot;published&quot;,&quot;sg_content_meta_date_format&quot;:&quot;default&quot;,&quot;sg_content_meta_date_format_custom&quot;:&quot;j. F Y.&quot;,&quot;sg_content_meta_date_icon&quot;:{&quot;value&quot;:&quot;fas fa-clock&quot;,&quot;library&quot;:&quot;fa-solid&quot;},&quot;sg_content_meta_date_icon_position&quot;:&quot;before&quot;,&quot;sg_content_image_size_imagesize_size&quot;:&quot;full&quot;,&quot;paged&quot;:1,&quot;class&quot;:&quot;jkit_post_block&quot;}\"><div class=\"jkit-block-container\"><div class=\"jkit-posts jkit-ajax-flag\">\n            <article class=\"jkit-post post-1395 proizvod type-proizvod status-publish has-post-thumbnail hentry kategorije-mesni-pripravci\">\n                    <div class=\"jkit-thumb\"><a aria-label=\"\u010cevapi od june\u0107eg mesa\" href=\"https:\/\/kudelic-bedenica.hr\/en\/proizvod\/cevapi-od-juneceg-mesa\/\"><div class=\"thumbnail-container\">\n            <img loading=\"lazy\" decoding=\"async\" width=\"2560\" height=\"1707\" src=\"data:image\/gif;base64,R0lGODlhAQABAAAAACH5BAEKAAEALAAAAAABAAEAAAICTAEAOw==\" class=\"attachment-full size-full wp-post-image lazyload\" alt=\"cevapi 2 scaled\" sizes=\"auto, (max-width: 2560px) 100vw, 2560px\" data-src=\"https:\/\/kudelic-bedenica.hr\/wp-content\/uploads\/2023\/01\/cevapi-2-scaled.jpg\" data-srcset=\"https:\/\/kudelic-bedenica.hr\/wp-content\/uploads\/2023\/01\/cevapi-2-scaled.jpg 2560w, https:\/\/kudelic-bedenica.hr\/wp-content\/uploads\/2023\/01\/cevapi-2-300x200.jpg 300w, https:\/\/kudelic-bedenica.hr\/wp-content\/uploads\/2023\/01\/cevapi-2-1024x683.jpg 1024w, https:\/\/kudelic-bedenica.hr\/wp-content\/uploads\/2023\/01\/cevapi-2-768x512.jpg 768w, https:\/\/kudelic-bedenica.hr\/wp-content\/uploads\/2023\/01\/cevapi-2-1536x1024.jpg 1536w, https:\/\/kudelic-bedenica.hr\/wp-content\/uploads\/2023\/01\/cevapi-2-2048x1365.jpg 2048w\">\n        <\/div><\/a><\/div>\n                    <div class=\"jkit-postblock-content\"><h3 class=\"jkit-post-title\">\n\t\t\t\t\t\t\t<a href=\"https:\/\/kudelic-bedenica.hr\/en\/proizvod\/cevapi-od-juneceg-mesa\/\">\u010cevapi od june\u0107eg mesa<\/a>\n\t\t\t\t\t\t<\/h3><div class=\"jkit-post-meta-bottom\">\n\t\t\t\t\t\t\t<div class=\"jkit-meta-readmore icon-position-after\">\n                <a title=\"\u010cevapi od june\u0107eg mesa\" href=\"https:\/\/kudelic-bedenica.hr\/en\/proizvod\/cevapi-od-juneceg-mesa\/\" class=\"jkit-readmore\"><i aria-hidden=\"true\" class=\"fas fa-chevron-circle-right\"><\/i><\/a>\n            <\/div>\n\t\t\t\t\t\t<\/div><\/div>\n                <\/article><article class=\"jkit-post post-2399 proizvod type-proizvod status-publish has-post-thumbnail hentry kategorije-mesni-pripravci\">\n                    <div class=\"jkit-thumb\"><a aria-label=\"Pljeskavica sa sirom\" href=\"https:\/\/kudelic-bedenica.hr\/en\/proizvod\/pljeskavica-sa-sirom\/\"><div class=\"thumbnail-container\">\n            <img loading=\"lazy\" decoding=\"async\" width=\"2560\" height=\"1740\" src=\"data:image\/gif;base64,R0lGODlhAQABAAAAACH5BAEKAAEALAAAAAABAAEAAAICTAEAOw==\" class=\"attachment-full size-full wp-post-image lazyload\" alt=\"PLJESKAVICA SA SIROM\" sizes=\"auto, (max-width: 2560px) 100vw, 2560px\" data-src=\"https:\/\/kudelic-bedenica.hr\/wp-content\/uploads\/2023\/02\/PLJESKAVICA-SA-SIROM-scaled-e1676639162864.jpg\" data-srcset=\"https:\/\/kudelic-bedenica.hr\/wp-content\/uploads\/2023\/02\/PLJESKAVICA-SA-SIROM-scaled-e1676639162864.jpg 2560w, https:\/\/kudelic-bedenica.hr\/wp-content\/uploads\/2023\/02\/PLJESKAVICA-SA-SIROM-scaled-e1676639162864-300x204.jpg 300w, https:\/\/kudelic-bedenica.hr\/wp-content\/uploads\/2023\/02\/PLJESKAVICA-SA-SIROM-scaled-e1676639162864-1024x696.jpg 1024w, https:\/\/kudelic-bedenica.hr\/wp-content\/uploads\/2023\/02\/PLJESKAVICA-SA-SIROM-scaled-e1676639162864-768x522.jpg 768w, https:\/\/kudelic-bedenica.hr\/wp-content\/uploads\/2023\/02\/PLJESKAVICA-SA-SIROM-scaled-e1676639162864-1536x1044.jpg 1536w, https:\/\/kudelic-bedenica.hr\/wp-content\/uploads\/2023\/02\/PLJESKAVICA-SA-SIROM-scaled-e1676639162864-2048x1392.jpg 2048w, https:\/\/kudelic-bedenica.hr\/wp-content\/uploads\/2023\/02\/PLJESKAVICA-SA-SIROM-scaled-e1676639162864-18x12.jpg 18w\">\n        <\/div><\/a><\/div>\n                    <div class=\"jkit-postblock-content\"><h3 class=\"jkit-post-title\">\n\t\t\t\t\t\t\t<a href=\"https:\/\/kudelic-bedenica.hr\/en\/proizvod\/pljeskavica-sa-sirom\/\">Pljeskavica sa sirom<\/a>\n\t\t\t\t\t\t<\/h3><div class=\"jkit-post-meta-bottom\">\n\t\t\t\t\t\t\t<div class=\"jkit-meta-readmore icon-position-after\">\n                <a title=\"Pljeskavica sa sirom\" href=\"https:\/\/kudelic-bedenica.hr\/en\/proizvod\/pljeskavica-sa-sirom\/\" class=\"jkit-readmore\"><i aria-hidden=\"true\" class=\"fas fa-chevron-circle-right\"><\/i><\/a>\n            <\/div>\n\t\t\t\t\t\t<\/div><\/div>\n                <\/article><article class=\"jkit-post post-2402 proizvod type-proizvod status-publish has-post-thumbnail hentry kategorije-mesni-pripravci\">\n                    <div class=\"jkit-thumb\"><a aria-label=\"Pljeskavice\" href=\"https:\/\/kudelic-bedenica.hr\/en\/proizvod\/pljeskavice\/\"><div class=\"thumbnail-container\">\n            <img loading=\"lazy\" decoding=\"async\" width=\"1707\" height=\"2560\" src=\"data:image\/gif;base64,R0lGODlhAQABAAAAACH5BAEKAAEALAAAAAABAAEAAAICTAEAOw==\" class=\"attachment-full size-full wp-post-image lazyload\" alt=\"PLJESKAVICA\" sizes=\"auto, (max-width: 1707px) 100vw, 1707px\" data-src=\"https:\/\/kudelic-bedenica.hr\/wp-content\/uploads\/2023\/02\/PLJESKAVICA-scaled.jpg\" data-srcset=\"https:\/\/kudelic-bedenica.hr\/wp-content\/uploads\/2023\/02\/PLJESKAVICA-scaled.jpg 1707w, https:\/\/kudelic-bedenica.hr\/wp-content\/uploads\/2023\/02\/PLJESKAVICA-200x300.jpg 200w, https:\/\/kudelic-bedenica.hr\/wp-content\/uploads\/2023\/02\/PLJESKAVICA-683x1024.jpg 683w, https:\/\/kudelic-bedenica.hr\/wp-content\/uploads\/2023\/02\/PLJESKAVICA-768x1152.jpg 768w, https:\/\/kudelic-bedenica.hr\/wp-content\/uploads\/2023\/02\/PLJESKAVICA-1024x1536.jpg 1024w, https:\/\/kudelic-bedenica.hr\/wp-content\/uploads\/2023\/02\/PLJESKAVICA-1365x2048.jpg 1365w, https:\/\/kudelic-bedenica.hr\/wp-content\/uploads\/2023\/02\/PLJESKAVICA-8x12.jpg 8w\">\n        <\/div><\/a><\/div>\n                    <div class=\"jkit-postblock-content\"><h3 class=\"jkit-post-title\">\n\t\t\t\t\t\t\t<a href=\"https:\/\/kudelic-bedenica.hr\/en\/proizvod\/pljeskavice\/\">Pljeskavice<\/a>\n\t\t\t\t\t\t<\/h3><div class=\"jkit-post-meta-bottom\">\n\t\t\t\t\t\t\t<div class=\"jkit-meta-readmore icon-position-after\">\n                <a title=\"Pljeskavice\" href=\"https:\/\/kudelic-bedenica.hr\/en\/proizvod\/pljeskavice\/\" class=\"jkit-readmore\"><i aria-hidden=\"true\" class=\"fas fa-chevron-circle-right\"><\/i><\/a>\n            <\/div>\n\t\t\t\t\t\t<\/div><\/div>\n                <\/article><article class=\"jkit-post post-1394 proizvod type-proizvod status-publish has-post-thumbnail hentry kategorije-mesni-pripravci\">\n                    <div class=\"jkit-thumb\"><a aria-label=\"\u0160i\u0161 \u010devapi\" href=\"https:\/\/kudelic-bedenica.hr\/en\/proizvod\/sis-cevapi\/\"><div class=\"thumbnail-container\">\n            <img loading=\"lazy\" decoding=\"async\" width=\"2560\" height=\"1707\" src=\"data:image\/gif;base64,R0lGODlhAQABAAAAACH5BAEKAAEALAAAAAABAAEAAAICTAEAOw==\" class=\"attachment-full size-full wp-post-image lazyload\" alt=\"sis 2 scaled\" sizes=\"auto, (max-width: 2560px) 100vw, 2560px\" data-src=\"https:\/\/kudelic-bedenica.hr\/wp-content\/uploads\/2023\/01\/sis-2-scaled.jpg\" data-srcset=\"https:\/\/kudelic-bedenica.hr\/wp-content\/uploads\/2023\/01\/sis-2-scaled.jpg 2560w, https:\/\/kudelic-bedenica.hr\/wp-content\/uploads\/2023\/01\/sis-2-300x200.jpg 300w, https:\/\/kudelic-bedenica.hr\/wp-content\/uploads\/2023\/01\/sis-2-1024x683.jpg 1024w, https:\/\/kudelic-bedenica.hr\/wp-content\/uploads\/2023\/01\/sis-2-768x512.jpg 768w, https:\/\/kudelic-bedenica.hr\/wp-content\/uploads\/2023\/01\/sis-2-1536x1024.jpg 1536w, https:\/\/kudelic-bedenica.hr\/wp-content\/uploads\/2023\/01\/sis-2-2048x1365.jpg 2048w\">\n        <\/div><\/a><\/div>\n                    <div class=\"jkit-postblock-content\"><h3 class=\"jkit-post-title\">\n\t\t\t\t\t\t\t<a href=\"https:\/\/kudelic-bedenica.hr\/en\/proizvod\/sis-cevapi\/\">\u0160i\u0161 \u010devapi<\/a>\n\t\t\t\t\t\t<\/h3><div class=\"jkit-post-meta-bottom\">\n\t\t\t\t\t\t\t<div class=\"jkit-meta-readmore icon-position-after\">\n                <a title=\"\u0160i\u0161 \u010devapi\" href=\"https:\/\/kudelic-bedenica.hr\/en\/proizvod\/sis-cevapi\/\" class=\"jkit-readmore\"><i aria-hidden=\"true\" class=\"fas fa-chevron-circle-right\"><\/i><\/a>\n            <\/div>\n\t\t\t\t\t\t<\/div><\/div>\n                <\/article>\n        <\/div><\/div><\/div>\t\t\t\t<\/div>\n\t\t\t\t<\/div>\n\t\t\t\t\t<\/div>\n\t\t<\/div>\n\t\t\t\t\t<\/div>\n\t\t<\/section>\n\t\t\t\t<\/div>","protected":false},"excerpt":{"rendered":"<p>Mesni pripravci Po\u010detna Mesni pripravci edit post \u010cevapi od june\u0107eg mesa edit post Pljeskavica sa sirom edit post Pljeskavice edit post \u0160i\u0161 \u010devapi<\/p>","protected":false},"author":12,"featured_media":0,"parent":0,"menu_order":0,"comment_status":"closed","ping_status":"closed","template":"elementor_header_footer","meta":{"_acf_changed":false,"om_disable_all_campaigns":false,"_mi_skip_tracking":false,"footnotes":""},"class_list":["post-2439","page","type-page","status-publish","hentry"],"acf":[],"_links":{"self":[{"href":"https:\/\/kudelic-bedenica.hr\/en\/wp-json\/wp\/v2\/pages\/2439","targetHints":{"allow":["GET"]}}],"collection":[{"href":"https:\/\/kudelic-bedenica.hr\/en\/wp-json\/wp\/v2\/pages"}],"about":[{"href":"https:\/\/kudelic-bedenica.hr\/en\/wp-json\/wp\/v2\/types\/page"}],"author":[{"embeddable":true,"href":"https:\/\/kudelic-bedenica.hr\/en\/wp-json\/wp\/v2\/users\/12"}],"replies":[{"embeddable":true,"href":"https:\/\/kudelic-bedenica.hr\/en\/wp-json\/wp\/v2\/comments?post=2439"}],"version-history":[{"count":0,"href":"https:\/\/kudelic-bedenica.hr\/en\/wp-json\/wp\/v2\/pages\/2439\/revisions"}],"wp:attachment":[{"href":"https:\/\/kudelic-bedenica.hr\/en\/wp-json\/wp\/v2\/media?parent=2439"}],"curies":[{"name":"wp","href":"https:\/\/api.w.org\/{rel}","templated":true}]}}